{"id":246,"date":"2024-12-10T11:30:43","date_gmt":"2024-12-10T10:30:43","guid":{"rendered":"https:\/\/cooperative-effervescente.fr\/?page_id=246"},"modified":"2026-02-19T12:02:36","modified_gmt":"2026-02-19T11:02:36","slug":"elementor-246","status":"publish","type":"page","link":"https:\/\/cooperative-effervescente.fr\/?page_id=246","title":{"rendered":"Ils nous aident"},"content":{"rendered":"\t\t<div data-elementor-type=\"wp-page\" data-elementor-id=\"246\" class=\"elementor elementor-246\">\n\t\t\t\t<div class=\"elementor-element elementor-element-aaf65c7 e-flex e-con-boxed qodef-elementor-content-no e-con e-parent\" data-id=\"aaf65c7\" data-element_type=\"container\" data-e-type=\"container\">\n\t\t\t\t\t<div class=\"e-con-inner\">\n\t\t\t\t<div class=\"elementor-element elementor-element-db40cbc elementor-widget elementor-widget-heading\" data-id=\"db40cbc\" data-element_type=\"widget\" data-e-type=\"widget\" data-widget_type=\"heading.default\">\n\t\t\t\t<div class=\"elementor-widget-container\">\n\t\t\t\t\t<h2 class=\"elementor-heading-title elementor-size-default\">Ils nous aident<\/h2>\t\t\t\t<\/div>\n\t\t\t\t<\/div>\n\t\t<div class=\"elementor-element elementor-element-db5a056 e-con-full e-flex qodef-elementor-content-no e-con e-child\" data-id=\"db5a056\" data-element_type=\"container\" data-e-type=\"container\">\n\t\t<div class=\"elementor-element elementor-element-2065585 e-con-full e-flex qodef-elementor-content-no e-con e-child\" data-id=\"2065585\" data-element_type=\"container\" data-e-type=\"container\">\n\t\t\t\t<div class=\"elementor-element elementor-element-9146f48 elementor-widget elementor-widget-heading\" data-id=\"9146f48\" data-element_type=\"widget\" data-e-type=\"widget\" data-widget_type=\"heading.default\">\n\t\t\t\t<div class=\"elementor-widget-container\">\n\t\t\t\t\t<h2 class=\"elementor-heading-title elementor-size-default\">Membres d'honneur<\/h2>\t\t\t\t<\/div>\n\t\t\t\t<\/div>\n\t\t\t\t<div class=\"elementor-element elementor-element-1dfdd54 elementor-widget elementor-widget-text-editor\" data-id=\"1dfdd54\" data-element_type=\"widget\" data-e-type=\"widget\" data-widget_type=\"text-editor.default\">\n\t\t\t\t<div class=\"elementor-widget-container\">\n\t\t\t\t\t\t\t\t\t<table width=\"155\"><tbody><tr><td width=\"155\">BONNAURE Antonella<\/td><\/tr><tr><td>CORDIER Babeth<\/td><\/tr><tr><td>CORDIER Jean-Christian<\/td><\/tr><tr><td>DA-PIEDAD Sol\u00e8ne<\/td><\/tr><tr><td>FABRE-CARTIER Maxime<\/td><\/tr><tr><td>FAYARD Julie<\/td><\/tr><tr><td>GAILLARD Emilie<\/td><\/tr><tr><td>GERMAIN Camille<\/td><\/tr><tr><td>GOLDFARB Benjamin<\/td><\/tr><tr><td>GORGE Ad\u00e8le<\/td><\/tr><tr><td>LACOUR J\u00e9r\u00f4me<\/td><\/tr><tr><td>LACOUR Marguerite<\/td><\/tr><tr><td>LACOUR Sophie<\/td><\/tr><tr><td>LIEVRE Charles<\/td><\/tr><tr><td>LYCOUDIS Anne<\/td><\/tr><tr><td>MAUPAS Samuel<\/td><\/tr><tr><td>MAUPAS V\u00e9ronique<\/td><\/tr><tr><td>MORERA Anna<\/td><\/tr><tr><td>MORONI Alexandre<\/td><\/tr><tr><td>PRENTOUT Beno\u00eet<\/td><\/tr><tr><td>SALLES Mathilde<\/td><\/tr><tr><td>THOUIN Fr\u00e9d\u00e9rique<\/td><\/tr><tr><td>TRUCHON Flavien<\/td><\/tr><tr><td>TRUCHON R\u00e9mi<\/td><\/tr><tr><td>VASSEUR Jonathan<\/td><\/tr><tr><td>VILIARE Mireille<\/td><\/tr><\/tbody><\/table>\t\t\t\t\t\t\t\t<\/div>\n\t\t\t\t<\/div>\n\t\t\t\t<div class=\"elementor-element elementor-element-c8e7e50 elementor-widget elementor-widget-heading\" data-id=\"c8e7e50\" data-element_type=\"widget\" data-e-type=\"widget\" data-widget_type=\"heading.default\">\n\t\t\t\t<div class=\"elementor-widget-container\">\n\t\t\t\t\t<h2 class=\"elementor-heading-title elementor-size-default\">Contributeurs<\/h2>\t\t\t\t<\/div>\n\t\t\t\t<\/div>\n\t\t\t\t<div class=\"elementor-element elementor-element-c5f70e5 elementor-widget elementor-widget-text-editor\" data-id=\"c5f70e5\" data-element_type=\"widget\" data-e-type=\"widget\" data-widget_type=\"text-editor.default\">\n\t\t\t\t<div class=\"elementor-widget-container\">\n\t\t\t\t\t\t\t\t\t<table width=\"480\"><tbody><tr><td width=\"480\">BONNAURE Antonella<\/td><\/tr><tr><td width=\"480\">BOURGADE Nathalie<\/td><\/tr><tr><td width=\"480\">CHOUCAVY Lolla<\/td><\/tr><tr><td width=\"480\">CORDIER Babeth<\/td><\/tr><tr><td width=\"480\">CROS David<\/td><\/tr><tr><td width=\"480\">DA SILVA Nathalie<\/td><\/tr><tr><td width=\"480\">DE LA PORTE DES VAUX Jean-Marie<\/td><\/tr><tr><td width=\"480\">ESQUERRE Julie<\/td><\/tr><tr><td width=\"480\">FABRE-CARTIER Maxime<\/td><\/tr><tr><td width=\"480\">FAYARD Julie<\/td><\/tr><tr><td width=\"480\">GASPAR Camille<\/td><\/tr><tr><td width=\"480\">GASPAR Maryse<\/td><\/tr><tr><td width=\"480\">GOLDFARB Benjamin<\/td><\/tr><tr><td width=\"480\">JUAN Christophe<\/td><\/tr><tr><td width=\"480\">LACOUR J\u00e9r\u00f4me<\/td><\/tr><tr><td width=\"480\">LACOUR Marguerite<\/td><\/tr><tr><td width=\"480\">LACOUR Sophie<\/td><\/tr><tr><td width=\"480\">LIEVRE Charles<\/td><\/tr><tr><td width=\"480\">LYCOUDIS Anne<\/td><\/tr><tr><td width=\"480\">MAUPAS V\u00e9ronique<\/td><\/tr><tr><td width=\"480\">OLLIVIER Isabelle<\/td><\/tr><tr><td width=\"480\">PENEAU Alice<\/td><\/tr><tr><td width=\"480\">PRENTOUT Beno\u00eet<\/td><\/tr><tr><td width=\"480\">RENHAS Isabelle<\/td><\/tr><tr><td width=\"480\">SOBRY Vinciane<\/td><\/tr><tr><td width=\"480\">THEETEN Clara<\/td><\/tr><tr><td width=\"480\">THOUIN Fr\u00e9d\u00e9rique<\/td><\/tr><tr><td width=\"480\">TRUCHON R\u00e9my<\/td><\/tr><tr><td width=\"480\">VASSEUR Jonathan<\/td><\/tr><tr><td width=\"480\">VILIARE Mireille<\/td><\/tr><tr><td width=\"480\">VIOT Perrine<\/td><\/tr><\/tbody><\/table>\t\t\t\t\t\t\t\t<\/div>\n\t\t\t\t<\/div>\n\t\t\t\t<\/div>\n\t\t\t\t<\/div>\n\t\t\t\t\t<\/div>\n\t\t\t\t<\/div>\n\t\t\t\t<\/div>\n\t\t","protected":false},"excerpt":{"rendered":"<p>Ils nous aident Membres d&rsquo;honneur BONNAURE Antonella CORDIER Babeth CORDIER Jean-Christian DA-PIEDAD Sol\u00e8ne FABRE-CARTIER Maxime FAYARD Julie GAILLARD Emilie GERMAIN Camille GOLDFARB Benjamin GORGE Ad\u00e8le LACOUR J\u00e9r\u00f4me LACOUR Marguerite LACOUR Sophie LIEVRE Charles LYCOUDIS Anne MAUPAS Samuel MAUPAS V\u00e9ronique MORERA Anna MORONI Alexandre PRENTOUT Beno\u00eet SALLES Mathilde THOUIN Fr\u00e9d\u00e9rique TRUCHON Flavien TRUCHON R\u00e9mi VASSEUR Jonathan [&hellip;]<\/p>\n","protected":false},"author":1,"featured_media":0,"parent":0,"menu_order":0,"comment_status":"closed","ping_status":"closed","template":"","meta":{"footnotes":""},"class_list":["post-246","page","type-page","status-publish","hentry"],"_links":{"self":[{"href":"https:\/\/cooperative-effervescente.fr\/index.php?rest_route=\/wp\/v2\/pages\/246","targetHints":{"allow":["GET"]}}],"collection":[{"href":"https:\/\/cooperative-effervescente.fr\/index.php?rest_route=\/wp\/v2\/pages"}],"about":[{"href":"https:\/\/cooperative-effervescente.fr\/index.php?rest_route=\/wp\/v2\/types\/page"}],"author":[{"embeddable":true,"href":"https:\/\/cooperative-effervescente.fr\/index.php?rest_route=\/wp\/v2\/users\/1"}],"replies":[{"embeddable":true,"href":"https:\/\/cooperative-effervescente.fr\/index.php?rest_route=%2Fwp%2Fv2%2Fcomments&post=246"}],"version-history":[{"count":11,"href":"https:\/\/cooperative-effervescente.fr\/index.php?rest_route=\/wp\/v2\/pages\/246\/revisions"}],"predecessor-version":[{"id":369,"href":"https:\/\/cooperative-effervescente.fr\/index.php?rest_route=\/wp\/v2\/pages\/246\/revisions\/369"}],"wp:attachment":[{"href":"https:\/\/cooperative-effervescente.fr\/index.php?rest_route=%2Fwp%2Fv2%2Fmedia&parent=246"}],"curies":[{"name":"wp","href":"https:\/\/api.w.org\/{rel}","templated":true}]}}