{"id":49,"date":"2024-11-29T10:17:59","date_gmt":"2024-11-29T09:17:59","guid":{"rendered":"http:\/\/cooperative-effervescente.fr\/?page_id=49"},"modified":"2024-12-03T16:40:35","modified_gmt":"2024-12-03T15:40:35","slug":"our-story","status":"publish","type":"page","link":"https:\/\/cooperative-effervescente.fr\/?page_id=49","title":{"rendered":"Qui sommes-nous ?"},"content":{"rendered":"\t\t<div data-elementor-type=\"wp-page\" data-elementor-id=\"49\" class=\"elementor elementor-49\">\n\t\t\t\t<div class=\"elementor-element elementor-element-47a8853c e-con-full e-flex qodef-elementor-content-no e-con e-parent\" data-id=\"47a8853c\" data-element_type=\"container\" data-e-type=\"container\">\n\t\t<div class=\"elementor-element elementor-element-17565af1 e-con-full e-flex qodef-elementor-content-no e-con e-child\" data-id=\"17565af1\" data-element_type=\"container\" data-e-type=\"container\" data-settings=\"{&quot;background_background&quot;:&quot;classic&quot;}\">\n\t\t\t\t<div class=\"elementor-element elementor-element-12e41ad elementor-widget elementor-widget-image\" data-id=\"12e41ad\" data-element_type=\"widget\" data-e-type=\"widget\" data-widget_type=\"image.default\">\n\t\t\t\t<div class=\"elementor-widget-container\">\n\t\t\t\t\t\t\t\t\t\t\t\t\t\t\t<img fetchpriority=\"high\" decoding=\"async\" width=\"768\" height=\"1086\" src=\"https:\/\/cooperative-effervescente.fr\/wp-content\/uploads\/2024\/12\/Schema-768x1086.jpg\" class=\"attachment-medium_large size-medium_large wp-image-192\" alt=\"\" srcset=\"https:\/\/cooperative-effervescente.fr\/wp-content\/uploads\/2024\/12\/Schema-768x1086.jpg 768w, https:\/\/cooperative-effervescente.fr\/wp-content\/uploads\/2024\/12\/Schema-212x300.jpg 212w, https:\/\/cooperative-effervescente.fr\/wp-content\/uploads\/2024\/12\/Schema-724x1024.jpg 724w, https:\/\/cooperative-effervescente.fr\/wp-content\/uploads\/2024\/12\/Schema-1086x1536.jpg 1086w, https:\/\/cooperative-effervescente.fr\/wp-content\/uploads\/2024\/12\/Schema.jpg 1414w\" sizes=\"(max-width: 768px) 100vw, 768px\" \/>\t\t\t\t\t\t\t\t\t\t\t\t\t\t\t<\/div>\n\t\t\t\t<\/div>\n\t\t\t\t<\/div>\n\t\t<div class=\"elementor-element elementor-element-8734fb e-con-full e-flex qodef-elementor-content-no e-con e-child\" data-id=\"8734fb\" data-element_type=\"container\" data-e-type=\"container\">\n\t\t\t\t<div class=\"elementor-element elementor-element-3fd0410 elementor-widget elementor-widget-heading\" data-id=\"3fd0410\" data-element_type=\"widget\" data-e-type=\"widget\" data-widget_type=\"heading.default\">\n\t\t\t\t<div class=\"elementor-widget-container\">\n\t\t\t\t\t<h1 class=\"elementor-heading-title elementor-size-default\">Nos missions<\/h1>\t\t\t\t<\/div>\n\t\t\t\t<\/div>\n\t\t\t\t<div class=\"elementor-element elementor-element-662ba29b elementor-invisible elementor-widget elementor-widget-text-editor\" data-id=\"662ba29b\" data-element_type=\"widget\" data-e-type=\"widget\" data-settings=\"{&quot;_animation&quot;:&quot;fadeIn&quot;,&quot;_animation_delay&quot;:400}\" data-widget_type=\"text-editor.default\">\n\t\t\t\t<div class=\"elementor-widget-container\">\n\t\t\t\t\t\t\t\t\t<p><span style=\"color: #808080;\">L\u2019Effervescente propose une approche innovante d\u2019insertion professionnelle en offrant un accompagnement sur mesure aux b\u00e9n\u00e9ficiaires du RSA. L\u2019association met en place un incubateur de projets, permettant aux b\u00e9n\u00e9ficiaires de concevoir et d\u00e9velopper des projets dans des secteurs porteurs. Ce processus favorise l\u2019acquisition de comp\u00e9tences vari\u00e9es et durables, renfor\u00e7ant l\u2019autonomie professionnelle et l\u2019int\u00e9gration sur le march\u00e9 du travail. En identifiant et levant les freins \u00e0 l\u2019emploi, l\u2019accompagnement optimise les chances de r\u00e9ussite des b\u00e9n\u00e9ficiaires.<\/span><\/p>\t\t\t\t\t\t\t\t<\/div>\n\t\t\t\t<\/div>\n\t\t\t\t<\/div>\n\t\t\t\t<\/div>\n\t\t<div class=\"elementor-element elementor-element-079f00e e-flex e-con-boxed qodef-elementor-content-no e-con e-parent\" data-id=\"079f00e\" data-element_type=\"container\" data-e-type=\"container\">\n\t\t\t\t\t<div class=\"e-con-inner\">\n\t\t\t\t<div class=\"elementor-element elementor-element-f9260b3 elementor-widget elementor-widget-spacer\" data-id=\"f9260b3\" data-element_type=\"widget\" data-e-type=\"widget\" data-widget_type=\"spacer.default\">\n\t\t\t\t<div class=\"elementor-widget-container\">\n\t\t\t\t\t\t\t<div class=\"elementor-spacer\">\n\t\t\t<div class=\"elementor-spacer-inner\"><\/div>\n\t\t<\/div>\n\t\t\t\t\t\t<\/div>\n\t\t\t\t<\/div>\n\t\t\t\t<div class=\"elementor-element elementor-element-129983e elementor-widget elementor-widget-spacer\" data-id=\"129983e\" data-element_type=\"widget\" data-e-type=\"widget\" data-widget_type=\"spacer.default\">\n\t\t\t\t<div class=\"elementor-widget-container\">\n\t\t\t\t\t\t\t<div class=\"elementor-spacer\">\n\t\t\t<div class=\"elementor-spacer-inner\"><\/div>\n\t\t<\/div>\n\t\t\t\t\t\t<\/div>\n\t\t\t\t<\/div>\n\t\t\t\t<div class=\"elementor-element elementor-element-09ffcbe elementor-widget elementor-widget-spacer\" data-id=\"09ffcbe\" data-element_type=\"widget\" data-e-type=\"widget\" data-widget_type=\"spacer.default\">\n\t\t\t\t<div class=\"elementor-widget-container\">\n\t\t\t\t\t\t\t<div class=\"elementor-spacer\">\n\t\t\t<div class=\"elementor-spacer-inner\"><\/div>\n\t\t<\/div>\n\t\t\t\t\t\t<\/div>\n\t\t\t\t<\/div>\n\t\t\t\t\t<\/div>\n\t\t\t\t<\/div>\n\t\t<div class=\"elementor-element elementor-element-723e2eb e-flex e-con-boxed qodef-elementor-content-no e-con e-parent\" data-id=\"723e2eb\" data-element_type=\"container\" data-e-type=\"container\">\n\t\t\t\t\t<div class=\"e-con-inner\">\n\t\t<div class=\"elementor-element elementor-element-336de91 e-con-full e-flex qodef-elementor-content-no e-con e-child\" data-id=\"336de91\" data-element_type=\"container\" data-e-type=\"container\">\n\t\t\t\t<\/div>\n\t\t<div class=\"elementor-element elementor-element-6065535 e-con-full e-flex qodef-elementor-content-no e-con e-child\" data-id=\"6065535\" data-element_type=\"container\" data-e-type=\"container\">\n\t\t\t\t<div class=\"elementor-element elementor-element-a16f286 elementor-widget elementor-widget-heading\" data-id=\"a16f286\" data-element_type=\"widget\" data-e-type=\"widget\" data-widget_type=\"heading.default\">\n\t\t\t\t<div class=\"elementor-widget-container\">\n\t\t\t\t\t<h1 class=\"elementor-heading-title elementor-size-default\">Point de d\u00e9part<\/h1>\t\t\t\t<\/div>\n\t\t\t\t<\/div>\n\t\t\t\t<div class=\"elementor-element elementor-element-27ac672 elementor-widget elementor-widget-text-editor\" data-id=\"27ac672\" data-element_type=\"widget\" data-e-type=\"widget\" data-widget_type=\"text-editor.default\">\n\t\t\t\t<div class=\"elementor-widget-container\">\n\t\t\t\t\t\t\t\t\t<p><span style=\"color: #808080;\">La r\u00e9forme du RSA, pr\u00e9vue dans la loi pour le plein emploi de d\u00e9cembre 2023, impose de nouvelles obligations aux b\u00e9n\u00e9ficiaires pour encourager leur insertion professionnelle. D\u00e9sormais, ils doivent consacrer 15 \u00e0 20 heures hebdomadaires \u00e0 des activit\u00e9s d\u2019insertion (formation, stages, b\u00e9n\u00e9volat, etc.) dans le cadre d\u2019un <strong>Contrat d\u2019Engagement R\u00e9ciproque (CER)<\/strong>. Ce contrat, sign\u00e9 avec des organismes comme France Travail, formalise les engagements mutuels pour favoriser leur retour \u00e0 l\u2019emploi.<\/span><\/p><p><span style=\"color: #808080;\">Un accompagnement personnalis\u00e9 est central dans cette r\u00e9forme. Chaque b\u00e9n\u00e9ficiaire est suivi par un r\u00e9f\u00e9rent unique, qui coordonne les actions et construit un parcours adapt\u00e9 combinant formation, recherche d\u2019emploi et activit\u00e9s compl\u00e9mentaires.<\/span><\/p><p><span style=\"color: #808080;\">Pour s\u2019assurer du respect des engagements, la loi pr\u00e9voit des sanctions en cas de manquement : r\u00e9duction ou suspension du RSA apr\u00e8s plusieurs avertissements.<\/span><\/p><p><span style=\"color: #808080;\">D\u00e8s mars 2024, une phase exp\u00e9rimentale est mise en place dans 47 d\u00e9partements, avant une g\u00e9n\u00e9ralisation \u00e0 toute la France en janvier 2025. Cette r\u00e9forme vise \u00e0 renforcer l\u2019autonomie des allocataires et \u00e0 promouvoir un retour durable \u00e0 l\u2019emploi.<\/span><\/p>\t\t\t\t\t\t\t\t<\/div>\n\t\t\t\t<\/div>\n\t\t\t\t<\/div>\n\t\t\t\t\t<\/div>\n\t\t\t\t<\/div>\n\t\t<div class=\"elementor-element elementor-element-454aa4f5 e-flex e-con-boxed qodef-elementor-content-no e-con e-parent\" data-id=\"454aa4f5\" data-element_type=\"container\" data-e-type=\"container\">\n\t\t\t\t\t<div class=\"e-con-inner\">\n\t\t\t\t<div class=\"elementor-element elementor-element-609f773c elementor-widget elementor-widget-heading\" data-id=\"609f773c\" data-element_type=\"widget\" data-e-type=\"widget\" data-widget_type=\"heading.default\">\n\t\t\t\t<div class=\"elementor-widget-container\">\n\t\t\t\t\t<h2 class=\"elementor-heading-title elementor-size-default\">Le parcours type<\/h2>\t\t\t\t<\/div>\n\t\t\t\t<\/div>\n\t\t<div class=\"elementor-element elementor-element-4b6b586 e-con-full e-flex qodef-elementor-content-no e-con e-child\" data-id=\"4b6b586\" data-element_type=\"container\" data-e-type=\"container\">\n\t\t<div class=\"elementor-element elementor-element-6aa6c5dc e-con-full e-flex qodef-elementor-content-no e-con e-child\" data-id=\"6aa6c5dc\" data-element_type=\"container\" data-e-type=\"container\" data-settings=\"{&quot;background_background&quot;:&quot;classic&quot;}\">\n\t\t\t\t<div class=\"elementor-element elementor-element-38eb14e8 elementor-widget elementor-widget-heading\" data-id=\"38eb14e8\" data-element_type=\"widget\" data-e-type=\"widget\" data-widget_type=\"heading.default\">\n\t\t\t\t<div class=\"elementor-widget-container\">\n\t\t\t\t\t<h4 class=\"elementor-heading-title elementor-size-default\">Premier entretien<\/h4>\t\t\t\t<\/div>\n\t\t\t\t<\/div>\n\t\t\t\t<div class=\"elementor-element elementor-element-3c82ac01 elementor-widget elementor-widget-text-editor\" data-id=\"3c82ac01\" data-element_type=\"widget\" data-e-type=\"widget\" data-widget_type=\"text-editor.default\">\n\t\t\t\t<div class=\"elementor-widget-container\">\n\t\t\t\t\t\t\t\t\t<p><span style=\"color: #808080;\">Pr\u00e9sentation du fonctionnement de la structure.<\/span><\/p>\t\t\t\t\t\t\t\t<\/div>\n\t\t\t\t<\/div>\n\t\t\t\t<\/div>\n\t\t<div class=\"elementor-element elementor-element-689f8e89 e-con-full e-flex qodef-elementor-content-no e-con e-child\" data-id=\"689f8e89\" data-element_type=\"container\" data-e-type=\"container\" data-settings=\"{&quot;background_background&quot;:&quot;classic&quot;}\">\n\t\t\t\t<div class=\"elementor-element elementor-element-d509a35 elementor-widget elementor-widget-heading\" data-id=\"d509a35\" data-element_type=\"widget\" data-e-type=\"widget\" data-widget_type=\"heading.default\">\n\t\t\t\t<div class=\"elementor-widget-container\">\n\t\t\t\t\t<h4 class=\"elementor-heading-title elementor-size-default\">Travail sur l'id\u00e9ation<\/h4>\t\t\t\t<\/div>\n\t\t\t\t<\/div>\n\t\t\t\t<div class=\"elementor-element elementor-element-5b85cba elementor-widget elementor-widget-text-editor\" data-id=\"5b85cba\" data-element_type=\"widget\" data-e-type=\"widget\" data-widget_type=\"text-editor.default\">\n\t\t\t\t<div class=\"elementor-widget-container\">\n\t\t\t\t\t\t\t\t\t<p><span style=\"color: #808080;\">Le porteur de projet d\u00e9finit les contours de son activit\u00e9.<\/span><\/p>\t\t\t\t\t\t\t\t<\/div>\n\t\t\t\t<\/div>\n\t\t\t\t<\/div>\n\t\t<div class=\"elementor-element elementor-element-1b7d7832 e-con-full e-flex qodef-elementor-content-no e-con e-child\" data-id=\"1b7d7832\" data-element_type=\"container\" data-e-type=\"container\" data-settings=\"{&quot;background_background&quot;:&quot;classic&quot;}\">\n\t\t\t\t<div class=\"elementor-element elementor-element-57b42908 elementor-widget elementor-widget-heading\" data-id=\"57b42908\" data-element_type=\"widget\" data-e-type=\"widget\" data-widget_type=\"heading.default\">\n\t\t\t\t<div class=\"elementor-widget-container\">\n\t\t\t\t\t<h4 class=\"elementor-heading-title elementor-size-default\">Pr\u00e9sentation du projet au jury<\/h4>\t\t\t\t<\/div>\n\t\t\t\t<\/div>\n\t\t\t\t<div class=\"elementor-element elementor-element-45247fb7 elementor-widget elementor-widget-text-editor\" data-id=\"45247fb7\" data-element_type=\"widget\" data-e-type=\"widget\" data-widget_type=\"text-editor.default\">\n\t\t\t\t<div class=\"elementor-widget-container\">\n\t\t\t\t\t\t\t\t\t<p><span style=\"color: #808080;\">Validation de la coh\u00e9rence et de la viabilit\u00e9 \u00e9conomique.<\/span><\/p>\t\t\t\t\t\t\t\t<\/div>\n\t\t\t\t<\/div>\n\t\t\t\t<\/div>\n\t\t<div class=\"elementor-element elementor-element-5fa27416 e-con-full e-flex qodef-elementor-content-no e-con e-child\" data-id=\"5fa27416\" data-element_type=\"container\" data-e-type=\"container\" data-settings=\"{&quot;background_background&quot;:&quot;classic&quot;}\">\n\t\t\t\t<div class=\"elementor-element elementor-element-3a759ff elementor-widget elementor-widget-heading\" data-id=\"3a759ff\" data-element_type=\"widget\" data-e-type=\"widget\" data-widget_type=\"heading.default\">\n\t\t\t\t<div class=\"elementor-widget-container\">\n\t\t\t\t\t<h4 class=\"elementor-heading-title elementor-size-default\">Int\u00e9gration de l'incubateur<\/h4>\t\t\t\t<\/div>\n\t\t\t\t<\/div>\n\t\t\t\t<div class=\"elementor-element elementor-element-2681ab39 elementor-widget elementor-widget-text-editor\" data-id=\"2681ab39\" data-element_type=\"widget\" data-e-type=\"widget\" data-widget_type=\"text-editor.default\">\n\t\t\t\t<div class=\"elementor-widget-container\">\n\t\t\t\t\t\t\t\t\t<p><span style=\"color: #808080;\">Cr\u00e9ation de l&rsquo;activit\u00e9, accompagnement social et administratif.<\/span><\/p>\t\t\t\t\t\t\t\t<\/div>\n\t\t\t\t<\/div>\n\t\t\t\t<\/div>\n\t\t\t\t<\/div>\n\t\t\t\t\t<\/div>\n\t\t\t\t<\/div>\n\t\t\t\t<\/div>\n\t\t","protected":false},"excerpt":{"rendered":"<p>Nos missions L\u2019Effervescente propose une approche innovante d\u2019insertion professionnelle en offrant un accompagnement sur mesure aux b\u00e9n\u00e9ficiaires du RSA. L\u2019association met en place un incubateur de projets, permettant aux b\u00e9n\u00e9ficiaires de concevoir et d\u00e9velopper des projets dans des secteurs porteurs. Ce processus favorise l\u2019acquisition de comp\u00e9tences vari\u00e9es et durables, renfor\u00e7ant l\u2019autonomie professionnelle et l\u2019int\u00e9gration sur [&hellip;]<\/p>\n","protected":false},"author":1,"featured_media":0,"parent":0,"menu_order":0,"comment_status":"closed","ping_status":"closed","template":"elementor_header_footer","meta":{"footnotes":""},"class_list":["post-49","page","type-page","status-publish","hentry"],"_links":{"self":[{"href":"https:\/\/cooperative-effervescente.fr\/index.php?rest_route=\/wp\/v2\/pages\/49","targetHints":{"allow":["GET"]}}],"collection":[{"href":"https:\/\/cooperative-effervescente.fr\/index.php?rest_route=\/wp\/v2\/pages"}],"about":[{"href":"https:\/\/cooperative-effervescente.fr\/index.php?rest_route=\/wp\/v2\/types\/page"}],"author":[{"embeddable":true,"href":"https:\/\/cooperative-effervescente.fr\/index.php?rest_route=\/wp\/v2\/users\/1"}],"replies":[{"embeddable":true,"href":"https:\/\/cooperative-effervescente.fr\/index.php?rest_route=%2Fwp%2Fv2%2Fcomments&post=49"}],"version-history":[{"count":40,"href":"https:\/\/cooperative-effervescente.fr\/index.php?rest_route=\/wp\/v2\/pages\/49\/revisions"}],"predecessor-version":[{"id":228,"href":"https:\/\/cooperative-effervescente.fr\/index.php?rest_route=\/wp\/v2\/pages\/49\/revisions\/228"}],"wp:attachment":[{"href":"https:\/\/cooperative-effervescente.fr\/index.php?rest_route=%2Fwp%2Fv2%2Fmedia&parent=49"}],"curies":[{"name":"wp","href":"https:\/\/api.w.org\/{rel}","templated":true}]}}